{"id":6,"date":"2018-11-12T12:30:02","date_gmt":"2018-11-12T12:30:02","guid":{"rendered":"http:\/\/www.gallipolisalentovacanze.com\/a\/?page_id=6"},"modified":"2023-10-25T14:31:33","modified_gmt":"2023-10-25T14:31:33","slug":"case-vacanze-gallipoli-appartamenti-in-affitto-last-minute","status":"publish","type":"page","link":"https:\/\/www.gallipolisalentovacanze.com\/a\/","title":{"rendered":"Case vacanze Gallipoli, appartamenti in affitto"},"content":{"rendered":"<h3>Informazioni su Gallipoli.<\/h3>\n<p><b>Gallipoli<\/b>, citt\u00e0 italiana situata nell\u2019estremo sud della regione <b>Puglia<\/b>, nella provincia di Lecce, capoluogo del Salento. Gallipoli \u00e8 da sempre meta molto ambita nel panorama turistico internazionale di tutto il Mediterraneo. Il suo nome deriva dal greco \u201cKal\u00e8 Polis\u201d( citt\u00e0 bella), ma essa \u00e8 soprannominata anche \u201c La perla dello Ionio\u201d per le sue bellezze naturalistiche, con paesaggi unici e suggestivi. E\u2019 una cittadina ricca di fascino per la sua architettura, la storia, l\u2019arte, la cultura .Indimenticabili sono i suoi magici tramonti che si possono ammirare dalle mura fortificate del centro storico.<\/p>\n<p><em>Morfologia del territorio<\/em><br \/>\nGallipoli \u00e8 una <b>penisola<\/b> lunga circa 2 Km che si protende nel mar <b>Ionio<\/b>, verso ovest. E\u2019 formata dal <b>borgo<\/b>, la parte nuova della citt\u00e0, la cui via principale, Corso Roma , offre al turista l\u2019opportunit\u00e0 di uno shopping molto conveniente nei numerosi negozi, tra i pi\u00f9 importanti del Salento.<br \/>\nIl \u201cBorgo \u201c risale ai primi del \u2018900, con i primi palazzotti dell\u2019epoca divenuti ora importanti sedi di attivit\u00e0 commerciali. Il <b>Corso Roma<\/b> termina ad ovest della citt\u00e0 l\u00e0 dove inizia il ponte seicentesco, ricostruito in seguito alle invasioni turco-saracene dopo il 1500. Il ponte conduce nel centro storico di Gallipoli, una vera e propria isola di natura calcarenilica dal diametro di 900m, circondata da imponenti mura fortificate e bastioni realizzati a difesa della citt\u00e0 durante le invasioni turco-saracene. Lungo le mura \u00e8 situata la maggior parte delle chiese monumentali della citt\u00e0: della Purit\u00e0, di S.Francesco di Paola, di S.Francesco D\u2019Assisi,di S.Domenico al Rosario, del Santissimo Crocefisso, etc., tutte risalenti al periodo che va dal sedicesimo secolo in poi. Il turista potr\u00e0 riservare una visita particolarmente accurata alla cattedrale di Sant\u2019Agata, in perfetto stile barocco,con tele ed affreschi del \u2018600 che si trova nel cuore del centro storico dove convergono le stradine della citt\u00e0 vecchia. Sotto le mura fortificate \u00e8 situata la spiaggia della Purit\u00e0, dal nome dell\u2019omonima chiesa. Essa \u00e8 formata da sabbia dal colore ambrato di natura tufacea ed \u00e8 di fronte a tre isole: delle Uccolette, del Campo,Sant\u2019Andrea. Quest\u2019ultima \u00e8 sede dell\u2019antico faro e di alcune costruzioni fortificate risalenti alla prima guerra mondiale. Con la sua lacuna salmastra, attualmente \u00e8 parte di un parco per la protezione della flora e fauna locali; sull\u2019isola nidifica il Gabbiano corso, unica colonia presente nel Mediterraneo e scoperta dal biologo Prof. L.Scarpina. Intorno all\u2019isola ci si pu\u00f2 ancorare nelle apposite zone e ci si pu\u00f2 immergere nelle acque turchesi e cristalline per praticare lo snorkeling ed osservare i fantastici fondali e le variet\u00e0 di specie animali e vegetali, tra cui la posidonia mediterranea. Le isole sono raggiungibili usufruendo dei servizi turistici o di motobarche.<br \/>\nNella parte sud-ovest del ponte si pu\u00f2 ammirare il Castello Angioino- Aragonese, circondato parzialmente dal mare con il suo Torrione principale e la sala ottagonale.<br \/>\nIl centro storico \u00e8 frequentato da numerosi turisti di varie nazionalit\u00e0: americani,inglesi, tedeschi,giapponesi, etc. che affollano la principale via, dedicata ad Antonietta De Pace, patriota gallipolina seguace di Garibaldi.E\u2019 In questa via che il turista pu\u00f2 curiosare nei graziosi negozietti tipici alla ricerca di prodotti artigianali salentini. Nelle viuzze del centro storico si possono ammirare antichi palazzi gentilizi, sedi delle pi\u00f9 importanti antiche signorie di Gallipoli: il Palazzo Pirelli,Tafuri,Assanti-Aragona, Seminario, Pasca,Romito,Briganti, Fontana, Dospina, Rocci, Capitolo,Senape; un concentrato di storia e architettura. Il turista pi\u00f9 curioso pu\u00f2 visitare anche il Museo Civico, il Museo Diocesano e il Museo del Mare fondato dal biologo,Prof Giorgio Cataldni, dove,tra l\u2019altro, si pu\u00f2 osservare lo scheletro di numerosi cetacei. Non si pu\u00f2 andar via da Gallipoli senza una visita ai Frantoi Ipogei ristrutturati e risalenti al 1600, dalla suggestiva struttura interamente scavata a mano nel carparo, una pietra locale. Questi frantoi testimoniano l\u2019importanza del porto di Gallipoli dal 1600 al 1800, quando la citt\u00e0 rappresentava il crocevia delle marinerie inglesi,francesi e italiane per l\u2019esportazione del miglior olio lampante che veniva prodotto all\u2019epoca. Le olive da cui si ricavava l\u2019olio provenivano da oliveti rigogliosi delle campagne dell\u2019entroterrasalentino.<br \/>\nGironzolando nel centro storico \u00e8 facile perdersi nelle viuzze dove la particolare architettura delle abitazione garantisce una giusta ventilazione anche nelle calde ed afose giornate di luglio.Alcune viuzze poi sfociano in Corti in stile arabo con doppia uscita sul retro che serviva per consentire la fuga,durante le invasioni turco-saracene. Si pu\u00f2 ammirare la Corte Gallo, un museo all\u2019aperto di antichi utensili da lavoro allestito da alcuni cittadini del posto.<br \/>\nUn altro monumento: La Fontana Greco-Romana che probabilmente \u00e8 una tra le pi\u00f9 antiche fontane d\u2019Italia e di cui non si conoscono le reali origini, \u00e8 giunta a Gallipoli con navi a vela greche. Si attende ancora l\u2019esame al carbonio 14 per risalire alla data esatta di costruzione di questo monumento che nel corso del tempo \u00e8 diventato il simbolo pi\u00f9 conosciuto della citt\u00e0.<br \/>\nL\u2019offerta turistica non trascura certo i giovani e tutti coloro che amano la musica, il ballo o che semplicemente preferiscono crogiolarsi al sole d\u2019estate, distesi sulla sabbia bianca, fine ed impalpabile come quella della Polinesia o delle Maldive. Nel lato sud della \u00e0 numerosistabilimenti balneari offrono servizi inappuntabili os\u00ec completi ed efficienti da soddisfare anche il turista pi\u00f9 esigente. Sempre lungo il litorale sud sorge il Villaggio Baia Verde, immerso nella vegetazione tipica della macchia mediterranea; esso si estende sino al Parco di Punta Pizzo. Qui si trova un altro stabilimento balneare, il Cotriero dove si resta incantati dalla bellezza di un paesaggio incontaminato. Per la sua particolare posizione e per l\u2019assenza totale di inquinamento luminoso, in alcune sere d\u2019estate, ospita una postazione di osservazioni astronomiche che suscitano notevole interesse e curiosit\u00e0 tra i turisti.<br \/>\nIl litorale nord della citt\u00e0 \u00e8 costituito da darsene che ospitano yacht e barche di ogni tipo in transito provenienti da tutto il Mediterraneo.<br \/>\nA pochi km a Nord del litorale roccioso della citt\u00e0 di Gallipoli si trova il secondo parco naturale regionale di Porto Selvaggio, facente parte del territorio di Nard\u00f2, dove, in localit\u00e0 \u201ctorre Uluzzo\u201d, si pu\u00f2 osservare un sito archeologico con delle grotte rupestri primitive risalenti a 45000 anni fa, in cui sono stati rinvenuti importantissimi reperti archeologici, in primis su tutti 2 dentini di bambina appartenente ai primi insediamenti di uomini primitivi europei detti \u201culuziani\u201d dal nome dell\u2019imponente torre saracena\u201d Torre Uluzzo\u201d. Tale ritrovamento \u00e8 avvenuto nelle grotta Cavallo distante solo 500 m da questa costruzione.<br \/>\nGallipoli resta a lungo nella memoria e nei cuori di coloro che vi hanno soggiornato, inclusi alcuni membri delle pi\u00f9 importanti famiglie reali europee.<\/p>\n","protected":false},"excerpt":{"rendered":"<p>Informazioni su Gallipoli. Gallipoli, citt\u00e0 italiana situata nell\u2019estremo sud della regione Puglia, nella provincia di Lecce, capoluogo del Salento. Gallipoli \u00e8 da sempre meta molto ambita nel panorama turistico internazionale di tutto il Mediterraneo. Il suo nome deriva dal greco \u201cKal\u00e8 Polis\u201d( citt\u00e0 bella), ma essa \u00e8 soprannominata anche \u201c [&hellip;]<\/p>\n","protected":false},"author":1,"featured_media":0,"parent":0,"menu_order":0,"comment_status":"closed","ping_status":"closed","template":"","meta":{"footnotes":""},"_links":{"self":[{"href":"https:\/\/www.gallipolisalentovacanze.com\/a\/wp-json\/wp\/v2\/pages\/6"}],"collection":[{"href":"https:\/\/www.gallipolisalentovacanze.com\/a\/wp-json\/wp\/v2\/pages"}],"about":[{"href":"https:\/\/www.gallipolisalentovacanze.com\/a\/wp-json\/wp\/v2\/types\/page"}],"author":[{"embeddable":true,"href":"https:\/\/www.gallipolisalentovacanze.com\/a\/wp-json\/wp\/v2\/users\/1"}],"replies":[{"embeddable":true,"href":"https:\/\/www.gallipolisalentovacanze.com\/a\/wp-json\/wp\/v2\/comments?post=6"}],"version-history":[{"count":11,"href":"https:\/\/www.gallipolisalentovacanze.com\/a\/wp-json\/wp\/v2\/pages\/6\/revisions"}],"predecessor-version":[{"id":1556,"href":"https:\/\/www.gallipolisalentovacanze.com\/a\/wp-json\/wp\/v2\/pages\/6\/revisions\/1556"}],"wp:attachment":[{"href":"https:\/\/www.gallipolisalentovacanze.com\/a\/wp-json\/wp\/v2\/media?parent=6"}],"curies":[{"name":"wp","href":"https:\/\/api.w.org\/{rel}","templated":true}]}}